{"id":1000073187,"date":"2023-05-12T15:33:54","date_gmt":"2023-05-12T12:33:54","guid":{"rendered":"https:\/\/www.turkmmo.com\/turkmmo-team\/"},"modified":"2023-05-12T17:18:04","modified_gmt":"2023-05-12T14:18:04","slug":"turkmmo-team","status":"publish","type":"page","link":"https:\/\/www.turkmmo.com\/en\/turkmmo-team","title":{"rendered":"Turkmmo Team"},"content":{"rendered":"<p style=\"text-align: center;\"><strong>Founder<\/strong><br \/>\nHeg Bilgisayar Yaz\u0131l\u0131m Reklamc\u0131l\u0131k Bili\u015fim Hizmetleri Sanayi ve Ticaret Limited \u015eirketi<br \/>\nTax : Yamanlar<br \/>\nTax Number : 4610438060<\/p>\n<p style=\"text-align: center;\"><strong>Address<\/strong><br \/>\n1847\/7 sokak no:2 d:1 \u00f6rnekk\u00f6y mahallesi, Kar\u015f\u0131yaka-\u0130zmir<\/p>\n<p style=\"text-align: center;\"><strong>Phone<\/strong><br \/>\n0232 365 11 99<\/p>\n<p style=\"text-align: center;\"><strong>Email<\/strong><br \/>\niletisim@turkmmo.com<\/p>\n<p style=\"text-align: center;\"><strong>News Manager<\/strong><br \/>\nHasan Emrah G\u00fcnd\u00fcz<br \/>\nemrah@turkmmo.com<\/p>\n<p style=\"text-align: center;\"><strong>Legal Counsel<\/strong><br \/>\nAv. Fahri Ersoy<br \/>\nhukuk@turkmmo.com<\/p>\n<p style=\"text-align: center;\"><strong>Authors<\/strong><\/p>\n<p style=\"text-align: center;\">Berk Baylan\u00e7i\u00e7ek<br \/>\nberk@turkmmo.com<\/p>\n<p style=\"text-align: center;\">Beste G\u00fcler<br \/>\nbeste@turkmmo.com<\/p>\n<p style=\"text-align: center;\">Onur C\u00f6mert<br \/>\nonur@turkmmo.com<\/p>\n<p style=\"text-align: center;\"><strong>Night Shift Editor<\/strong><br \/>\nMert Do\u011fan<br \/>\niletisim@turkmmo.com<\/p>\n<p style=\"text-align: center;\"><strong>Software<\/strong><br \/>\nT\u00fcrkay Tanr\u0131kulu<br \/>\nturkay@turkmmo.com<\/p>\n<p style=\"text-align: center;\"><strong>Advertising<\/strong><br \/>\nHasan Emrah G\u00fcnd\u00fcz<br \/>\nemrah@turkmmo.com<\/p>\n<p style=\"text-align: center;\"><strong>Press Release<\/strong><br \/>\nSitemizin ilgili kategorilerinde yer almas\u0131n\u0131 istedi\u011finiz haberleri<br \/>\na\u015fa\u011f\u0131daki mail adresi arac\u0131l\u0131\u011f\u0131 ile bize bildirebilirsiniz.<br \/>\nbulten@turkmmo.com<\/p>\n<p style=\"text-align: center;\"><strong>HOSTING<\/strong><br \/>\nDGN Teknoloji Bili\u015fim Yay\u0131nc\u0131l\u0131k San. ve Tic. Ltd. \u015eti.<\/p>\n<p style=\"text-align: center;\"><strong>Privacy Policy<\/strong><\/p>\n<p style=\"text-align: center;\">We will keep your information confidential except where disclosure is required or permitted by law (for example to government bodies and law enforcement agencies). Generally, we will only use your information within the turkmmo.com. However, sometimes the turkmmo.com uses third parties to process your information. turkmmo.com requires these third parties to comply strictly with its instructions and the turkmmo.com requires that they do not use your personal information for their own business purposes, unless you have explicitly consented to the use of your personal information in this way. When you interact with the turkmmo.com we sometimes receive personal information about you. For example, if you write to us or sign up to a newsletter, you might tell us who you are, how we can contact you and what you think of the turkmmo.com and its services. When you use turkmmo.com online services, we use cookies and collect IP addresses. You can find out more about this in the turkmmo.com cookies section of our full Privacy Policy.<\/p>\n","protected":false},"excerpt":{"rendered":"<p>Founder Heg Bilgisayar Yaz\u0131l\u0131m Reklamc\u0131l\u0131k Bili\u015fim Hizmetleri Sanayi ve Ticaret Limited \u015eirketi Tax : Yamanlar Tax Number : 4610438060 Address 1847\/7 sokak no:2 d:1 \u00f6rnekk\u00f6y mahallesi, Kar\u015f\u0131yaka-\u0130zmir Phone 0232 365 11 99 Email iletisim@turkmmo.com News Manager Hasan Emrah G\u00fcnd\u00fcz emrah@turkmmo.com Legal Counsel Av. Fahri Ersoy hukuk@turkmmo.com Authors Berk Baylan\u00e7i\u00e7ek berk@turkmmo.com Beste G\u00fcler beste@turkmmo.com Onur C\u00f6mert [&hellip;]<\/p>\n","protected":false},"author":1,"featured_media":0,"parent":0,"menu_order":0,"comment_status":"closed","ping_status":"closed","template":"","meta":{"ngg_post_thumbnail":0,"footnotes":""},"class_list":["post-1000073187","page","type-page","status-publish"],"_links":{"self":[{"href":"https:\/\/www.turkmmo.com\/en\/wp-json\/wp\/v2\/pages\/1000073187","targetHints":{"allow":["GET"]}}],"collection":[{"href":"https:\/\/www.turkmmo.com\/en\/wp-json\/wp\/v2\/pages"}],"about":[{"href":"https:\/\/www.turkmmo.com\/en\/wp-json\/wp\/v2\/types\/page"}],"author":[{"embeddable":true,"href":"https:\/\/www.turkmmo.com\/en\/wp-json\/wp\/v2\/users\/1"}],"replies":[{"embeddable":true,"href":"https:\/\/www.turkmmo.com\/en\/wp-json\/wp\/v2\/comments?post=1000073187"}],"version-history":[{"count":1,"href":"https:\/\/www.turkmmo.com\/en\/wp-json\/wp\/v2\/pages\/1000073187\/revisions"}],"predecessor-version":[{"id":1000073229,"href":"https:\/\/www.turkmmo.com\/en\/wp-json\/wp\/v2\/pages\/1000073187\/revisions\/1000073229"}],"wp:attachment":[{"href":"https:\/\/www.turkmmo.com\/en\/wp-json\/wp\/v2\/media?parent=1000073187"}],"curies":[{"name":"wp","href":"https:\/\/api.w.org\/{rel}","templated":true}]}}